{"id":11,"date":"2021-03-13T17:43:22","date_gmt":"2021-03-13T16:43:22","guid":{"rendered":"http:\/\/www.xn--brger-fr-herborn-jzbg.de\/?page_id=11"},"modified":"2025-12-30T22:11:36","modified_gmt":"2025-12-30T21:11:36","slug":"das-neue-museum-oeffnet-seine-tueren-2","status":"publish","type":"page","link":"http:\/\/www.xn--brger-fr-herborn-jzbg.de\/","title":{"rendered":"WIR F\u00dcR HERBORN"},"content":{"rendered":"\n<div class=\"wp-block-group alignwide\"><div class=\"wp-block-group__inner-container is-layout-flow wp-block-group-is-layout-flow\">\n<h2 class=\"wp-block-heading has-text-align-center\">WIR setzen uns f\u00fcr<br>unsere Stadt ein!<\/h2>\n<\/div><\/div>\n\n\n\n<div class=\"wp-block-group alignwide\"><div class=\"wp-block-group__inner-container is-layout-flow wp-block-group-is-layout-flow\">\n<h3 class=\"wp-block-heading has-text-align-center has-secondary-color has-text-color\">\u201eDAS REDEN \u00dcBER PROBLEME SCHAFFT PROBLEME,<\/h3>\n\n\n\n<h3 class=\"wp-block-heading has-text-align-center has-secondary-color has-text-color\">DAS REDEN \u00dcBER L\u00d6SUNGEN SCHAFFT L\u00d6SUNGEN!\u201c<\/h3>\n\n\n\n<pre class=\"wp-block-preformatted\"><strong>Steve de Shazer<\/strong>&nbsp;\n(*&nbsp;<a href=\"https:\/\/de.wikipedia.org\/wiki\/25._Juni\">25.&nbsp;Juni<\/a>&nbsp;<a href=\"https:\/\/de.wikipedia.org\/wiki\/1940\">1940<\/a>&nbsp;in&nbsp;<a href=\"https:\/\/de.wikipedia.org\/wiki\/Milwaukee\">Milwaukee<\/a>; \u2020&nbsp;<a href=\"https:\/\/de.wikipedia.org\/wiki\/11._September\">11. September<\/a>&nbsp;<a href=\"https:\/\/de.wikipedia.org\/wiki\/2005\">2005<\/a>&nbsp;in&nbsp;<a href=\"https:\/\/de.wikipedia.org\/wiki\/Wien\">Wien<\/a>) war ein <a href=\"https:\/\/de.wikipedia.org\/wiki\/USA\">amerikanischer<\/a>&nbsp;<a href=\"https:\/\/de.wikipedia.org\/wiki\/Psychotherapeut\">Psychotherapeut<\/a>&nbsp;und&nbsp;<a href=\"https:\/\/de.wikipedia.org\/wiki\/Autor\">Autor<\/a>. <a href=\"https:\/\/de.wikipedia.org\/wiki\/Steve_de_Shazer\">https:\/\/de.wikipedia.org\/wiki\/Steve_de_Shazer<\/a><\/pre>\n\n\n\n<h2 class=\"wp-block-heading has-text-align-center has-accent-color has-text-color\">Wir reden \u00fcber L\u00f6sungen<\/h2>\n<\/div><\/div>\n\n\n\n<div class=\"wp-block-columns alignwide is-layout-flex wp-container-core-columns-is-layout-9d6595d7 wp-block-columns-is-layout-flex\">\n<div class=\"wp-block-column is-layout-flow wp-block-column-is-layout-flow\">\n<div class=\"wp-block-group\"><div class=\"wp-block-group__inner-container is-layout-flow wp-block-group-is-layout-flow\">\n<figure class=\"wp-block-image alignfull size-large\"><img loading=\"lazy\" decoding=\"async\" width=\"1024\" height=\"768\" src=\"http:\/\/www.xn--brger-fr-herborn-jzbg.de\/wp-content\/uploads\/2021\/03\/Gerdau_DJI_0046-1024x768.jpg\" alt=\"\" class=\"wp-image-35\" srcset=\"http:\/\/www.xn--brger-fr-herborn-jzbg.de\/wp-content\/uploads\/2021\/03\/Gerdau_DJI_0046-1024x768.jpg 1024w, http:\/\/www.xn--brger-fr-herborn-jzbg.de\/wp-content\/uploads\/2021\/03\/Gerdau_DJI_0046-300x225.jpg 300w, http:\/\/www.xn--brger-fr-herborn-jzbg.de\/wp-content\/uploads\/2021\/03\/Gerdau_DJI_0046-768x576.jpg 768w, http:\/\/www.xn--brger-fr-herborn-jzbg.de\/wp-content\/uploads\/2021\/03\/Gerdau_DJI_0046-1536x1152.jpg 1536w, http:\/\/www.xn--brger-fr-herborn-jzbg.de\/wp-content\/uploads\/2021\/03\/Gerdau_DJI_0046-2048x1536.jpg 2048w, http:\/\/www.xn--brger-fr-herborn-jzbg.de\/wp-content\/uploads\/2021\/03\/Gerdau_DJI_0046-1200x900.jpg 1200w, http:\/\/www.xn--brger-fr-herborn-jzbg.de\/wp-content\/uploads\/2021\/03\/Gerdau_DJI_0046-1980x1485.jpg 1980w\" sizes=\"auto, (max-width: 1024px) 100vw, 1024px\" \/><figcaption class=\"wp-element-caption\">Schie\u00dfplatz \u00dcbersicht (Foto: Siegfried Gerdau)<\/figcaption><\/figure>\n\n\n\n<h3 class=\"wp-block-heading\">Unsere Ziele<\/h3>\n\n\n\n<ul class=\"wp-block-list\">\n<li>Wir wollen eine umfassende B\u00fcrgerbeteiligung bei Entscheidungen<\/li>\n\n\n\n<li>Eine Integrierte Stadtentwicklung, die alle Interessen ber\u00fccksichtigt<\/li>\n\n\n\n<li>Leben am Fluss als Leitmotiv der Stadtentwicklung<\/li>\n\n\n\n<li>Erhalt des historischen Stadtbilds<\/li>\n\n\n\n<li>Eine Gestaltungsatzung und einen Gestaltungsbeirat<\/li>\n\n\n\n<li>Eine Baumschutzsatzung und mehr Gr\u00fcn in in der Stadt <\/li>\n\n\n\n<li>Klimaschutz und Umweltvertr\u00e4glichkeitsuntersuchungen<\/li>\n\n\n\n<li>Mobilit\u00e4tsmix mit R\u00fccksicht der Verkehrsteilnehmer untereinander<\/li>\n<\/ul>\n\n\n\n<p><strong>Unsere Thesen zur Stadtentwicklung<\/strong><\/p>\n\n\n\n<div class=\"wp-block-button is-style-outline is-style-outline--1\"><a class=\"wp-block-button__link wp-element-button\" href=\"http:\/\/www.b\u00fcrger-f\u00fcr-herborn.de\/?p=1\" target=\"_blank\" rel=\"noreferrer noopener\">Weiterlesen<\/a><\/div>\n<\/div><\/div>\n\n\n\n<div class=\"wp-block-group\"><div class=\"wp-block-group__inner-container is-layout-flow wp-block-group-is-layout-flow\">\n<h3 class=\"wp-block-heading\">Wir sind <\/h3>\n\n\n\n<p>B\u00fcrger und B\u00fcrgerinnen, die gerne in Herborn leben und sich f\u00fcr Ihre Stadt engagieren. Aktuell hat die Initiative rund 40 Mitstreitende<\/p>\n\n\n\n<p>Wir freuen uns \u00fcber einen anregenden Diskurs und viele Mitstreitende<\/p>\n\n\n\n<p><em><strong>Ronald Lommel und Hans-Dieter Wieden<\/strong><\/em><\/p>\n\n\n\n<figure class=\"wp-block-image alignfull size-large\"><img loading=\"lazy\" decoding=\"async\" width=\"1024\" height=\"683\" src=\"http:\/\/www.xn--brger-fr-herborn-jzbg.de\/wp-content\/uploads\/2021\/03\/Z7-2020-11-22-Bausuenden-8-Kopie-1024x683.jpg\" alt=\"\" class=\"wp-image-46\" srcset=\"http:\/\/www.xn--brger-fr-herborn-jzbg.de\/wp-content\/uploads\/2021\/03\/Z7-2020-11-22-Bausuenden-8-Kopie-1024x683.jpg 1024w, http:\/\/www.xn--brger-fr-herborn-jzbg.de\/wp-content\/uploads\/2021\/03\/Z7-2020-11-22-Bausuenden-8-Kopie-300x200.jpg 300w, http:\/\/www.xn--brger-fr-herborn-jzbg.de\/wp-content\/uploads\/2021\/03\/Z7-2020-11-22-Bausuenden-8-Kopie-768x512.jpg 768w, http:\/\/www.xn--brger-fr-herborn-jzbg.de\/wp-content\/uploads\/2021\/03\/Z7-2020-11-22-Bausuenden-8-Kopie-1536x1024.jpg 1536w, http:\/\/www.xn--brger-fr-herborn-jzbg.de\/wp-content\/uploads\/2021\/03\/Z7-2020-11-22-Bausuenden-8-Kopie-2048x1365.jpg 2048w, http:\/\/www.xn--brger-fr-herborn-jzbg.de\/wp-content\/uploads\/2021\/03\/Z7-2020-11-22-Bausuenden-8-Kopie-1200x800.jpg 1200w, http:\/\/www.xn--brger-fr-herborn-jzbg.de\/wp-content\/uploads\/2021\/03\/Z7-2020-11-22-Bausuenden-8-Kopie-1980x1320.jpg 1980w\" sizes=\"auto, (max-width: 1024px) 100vw, 1024px\" \/><figcaption class=\"wp-element-caption\">Neubau am Sch\u00f6nblick (Foto: Hans-Dieter Wieden)<\/figcaption><\/figure>\n<\/div><\/div>\n<\/div>\n\n\n\n<div class=\"wp-block-column is-layout-flow wp-block-column-is-layout-flow\">\n<div class=\"wp-block-group\"><div class=\"wp-block-group__inner-container is-layout-flow wp-block-group-is-layout-flow\">\n<figure class=\"wp-block-image alignfull size-large\"><img loading=\"lazy\" decoding=\"async\" width=\"1024\" height=\"683\" src=\"http:\/\/www.xn--brger-fr-herborn-jzbg.de\/wp-content\/uploads\/2021\/03\/Z7-2020-11-22-Bausuenden-4-Kopie-1024x683.jpg\" alt=\"\" class=\"wp-image-36\" srcset=\"http:\/\/www.xn--brger-fr-herborn-jzbg.de\/wp-content\/uploads\/2021\/03\/Z7-2020-11-22-Bausuenden-4-Kopie-1024x683.jpg 1024w, http:\/\/www.xn--brger-fr-herborn-jzbg.de\/wp-content\/uploads\/2021\/03\/Z7-2020-11-22-Bausuenden-4-Kopie-300x200.jpg 300w, http:\/\/www.xn--brger-fr-herborn-jzbg.de\/wp-content\/uploads\/2021\/03\/Z7-2020-11-22-Bausuenden-4-Kopie-768x512.jpg 768w, http:\/\/www.xn--brger-fr-herborn-jzbg.de\/wp-content\/uploads\/2021\/03\/Z7-2020-11-22-Bausuenden-4-Kopie-1536x1024.jpg 1536w, http:\/\/www.xn--brger-fr-herborn-jzbg.de\/wp-content\/uploads\/2021\/03\/Z7-2020-11-22-Bausuenden-4-Kopie-2048x1365.jpg 2048w, http:\/\/www.xn--brger-fr-herborn-jzbg.de\/wp-content\/uploads\/2021\/03\/Z7-2020-11-22-Bausuenden-4-Kopie-1200x800.jpg 1200w, http:\/\/www.xn--brger-fr-herborn-jzbg.de\/wp-content\/uploads\/2021\/03\/Z7-2020-11-22-Bausuenden-4-Kopie-1980x1320.jpg 1980w\" sizes=\"auto, (max-width: 1024px) 100vw, 1024px\" \/><figcaption class=\"wp-element-caption\">Blick vom Sch\u00f6nblick (Foto: Hans-Dieter Wieden)<\/figcaption><\/figure>\n<\/div><\/div>\n\n\n\n<div class=\"wp-block-group\"><div class=\"wp-block-group__inner-container is-layout-flow wp-block-group-is-layout-flow\">\n<p><\/p>\n\n\n\n<figure class=\"wp-block-image alignfull size-large\"><img loading=\"lazy\" decoding=\"async\" width=\"1024\" height=\"683\" src=\"http:\/\/www.xn--brger-fr-herborn-jzbg.de\/wp-content\/uploads\/2021\/03\/Z7-2020-10-11-Rundgang-60-1024x683.jpg\" alt=\"\" class=\"wp-image-43\" srcset=\"http:\/\/www.xn--brger-fr-herborn-jzbg.de\/wp-content\/uploads\/2021\/03\/Z7-2020-10-11-Rundgang-60-1024x683.jpg 1024w, http:\/\/www.xn--brger-fr-herborn-jzbg.de\/wp-content\/uploads\/2021\/03\/Z7-2020-10-11-Rundgang-60-300x200.jpg 300w, http:\/\/www.xn--brger-fr-herborn-jzbg.de\/wp-content\/uploads\/2021\/03\/Z7-2020-10-11-Rundgang-60-768x512.jpg 768w, http:\/\/www.xn--brger-fr-herborn-jzbg.de\/wp-content\/uploads\/2021\/03\/Z7-2020-10-11-Rundgang-60-1536x1024.jpg 1536w, http:\/\/www.xn--brger-fr-herborn-jzbg.de\/wp-content\/uploads\/2021\/03\/Z7-2020-10-11-Rundgang-60-2048x1365.jpg 2048w, http:\/\/www.xn--brger-fr-herborn-jzbg.de\/wp-content\/uploads\/2021\/03\/Z7-2020-10-11-Rundgang-60-1200x800.jpg 1200w, http:\/\/www.xn--brger-fr-herborn-jzbg.de\/wp-content\/uploads\/2021\/03\/Z7-2020-10-11-Rundgang-60-1980x1320.jpg 1980w\" sizes=\"auto, (max-width: 1024px) 100vw, 1024px\" \/><figcaption class=\"wp-element-caption\">Hintersand mit Blick \u00fcber die Dill zum Homberg (Foto: Hans-Dieter Wieden)<\/figcaption><\/figure>\n\n\n\n<h3 class=\"wp-block-heading\">Unsere Kooperationspartner<\/h3>\n\n\n\n<p>Arbeitsgemeinschaft Allergiekrankes Kind, <br>BUND Ortsgruppe Herborn<br>Freunde der Flora Herbornensis e.V.<br>Geschichtsverein Herborn e.V <br>Verkehrsverein Herborn e.V.<\/p>\n\n\n\n<h2 class=\"wp-block-heading\">Gestaltung Schie\u00dfplatz<\/h2>\n\n\n\n<ul class=\"wp-block-list\">\n<li>Breite B\u00fcrgersteige auf der Br\u00fccke<\/li>\n\n\n\n<li>Bau eines Kreisels am Schie\u00dfplatz <\/li>\n\n\n\n<li>Parkdeck auf dem Schie\u00dfplatz<\/li>\n\n\n\n<li>Abfahrt direkt auf die B 277<\/li>\n\n\n\n<li>Verbindung auf beiden Seiten der Dill bis zur Bahnhofsbr\u00fccke<\/li>\n\n\n\n<li>Attraktive Verbindung zur Altstadt<\/li>\n<\/ul>\n\n\n\n<p><\/p>\n\n\n\n<p><a href=\"http:\/\/www.b\u00fcrger-f\u00fcr-herborn.de\/wp-admin\/post.php?post=49&amp;action=edit\"><strong>WEITERLESEN<\/strong><\/a><\/p>\n<\/div><\/div>\n\n\n\n<div class=\"wp-block-columns is-layout-flex wp-container-core-columns-is-layout-9d6595d7 wp-block-columns-is-layout-flex\">\n<div class=\"wp-block-column is-layout-flow wp-block-column-is-layout-flow\" style=\"flex-basis:100%\" id=\"Weiterlesen\">\n<p><\/p>\n<\/div>\n<\/div>\n<\/div>\n<\/div>\n\n\n\n<div class=\"wp-block-group alignwide has-background\" style=\"background-color:#ffffff\"><div class=\"wp-block-group__inner-container is-layout-flow wp-block-group-is-layout-flow\">\n<div class=\"wp-block-group\"><div class=\"wp-block-group__inner-container is-layout-flow wp-block-group-is-layout-flow\">\n<h2 class=\"wp-block-heading has-text-align-center\">Sie haben Interesse?<\/h2>\n\n\n\n<pre class=\"wp-block-preformatted\"><strong>Kontakte:<\/strong> BuergerHerborn2051@aol.com\nRonald Lommel, Sch\u00f6nblick 7, 35745 Herborn,02772\/5726555\nHans-Dieter Wieden, Kallenbachsw\u00e4ldchen 6, 35745 Herborn, 02772\/40674\n<\/pre>\n<\/div><\/div>\n<\/div><\/div>\n\n\n\n<figure class=\"wp-block-gallery alignwide has-nested-images columns-default is-cropped wp-block-gallery-2 is-layout-flex wp-block-gallery-is-layout-flex\">\n<figure class=\"wp-block-image size-large\"><img loading=\"lazy\" decoding=\"async\" width=\"1024\" height=\"683\" data-id=\"44\" src=\"http:\/\/www.xn--brger-fr-herborn-jzbg.de\/wp-content\/uploads\/2021\/03\/LM-2017-03-12-Rundgang-33-1024x683.jpg\" alt=\"\" class=\"wp-image-44\" srcset=\"http:\/\/www.xn--brger-fr-herborn-jzbg.de\/wp-content\/uploads\/2021\/03\/LM-2017-03-12-Rundgang-33-1024x683.jpg 1024w, http:\/\/www.xn--brger-fr-herborn-jzbg.de\/wp-content\/uploads\/2021\/03\/LM-2017-03-12-Rundgang-33-300x200.jpg 300w, http:\/\/www.xn--brger-fr-herborn-jzbg.de\/wp-content\/uploads\/2021\/03\/LM-2017-03-12-Rundgang-33-768x512.jpg 768w, http:\/\/www.xn--brger-fr-herborn-jzbg.de\/wp-content\/uploads\/2021\/03\/LM-2017-03-12-Rundgang-33-1536x1024.jpg 1536w, http:\/\/www.xn--brger-fr-herborn-jzbg.de\/wp-content\/uploads\/2021\/03\/LM-2017-03-12-Rundgang-33-2048x1365.jpg 2048w, http:\/\/www.xn--brger-fr-herborn-jzbg.de\/wp-content\/uploads\/2021\/03\/LM-2017-03-12-Rundgang-33-1200x800.jpg 1200w, http:\/\/www.xn--brger-fr-herborn-jzbg.de\/wp-content\/uploads\/2021\/03\/LM-2017-03-12-Rundgang-33-1980x1320.jpg 1980w\" sizes=\"auto, (max-width: 1024px) 100vw, 1024px\" \/><figcaption class=\"wp-element-caption\">Eitzenh\u00f6fer Bestandsbau<\/figcaption><\/figure>\n\n\n\n<figure class=\"wp-block-image size-large\"><img loading=\"lazy\" decoding=\"async\" width=\"1024\" height=\"683\" data-id=\"45\" src=\"http:\/\/www.xn--brger-fr-herborn-jzbg.de\/wp-content\/uploads\/2021\/03\/Z7-2020-10-11-Rundgang-73-1024x683.jpg\" alt=\"\" class=\"wp-image-45\" srcset=\"http:\/\/www.xn--brger-fr-herborn-jzbg.de\/wp-content\/uploads\/2021\/03\/Z7-2020-10-11-Rundgang-73-1024x683.jpg 1024w, http:\/\/www.xn--brger-fr-herborn-jzbg.de\/wp-content\/uploads\/2021\/03\/Z7-2020-10-11-Rundgang-73-300x200.jpg 300w, http:\/\/www.xn--brger-fr-herborn-jzbg.de\/wp-content\/uploads\/2021\/03\/Z7-2020-10-11-Rundgang-73-768x512.jpg 768w, http:\/\/www.xn--brger-fr-herborn-jzbg.de\/wp-content\/uploads\/2021\/03\/Z7-2020-10-11-Rundgang-73-1536x1024.jpg 1536w, http:\/\/www.xn--brger-fr-herborn-jzbg.de\/wp-content\/uploads\/2021\/03\/Z7-2020-10-11-Rundgang-73-2048x1365.jpg 2048w, http:\/\/www.xn--brger-fr-herborn-jzbg.de\/wp-content\/uploads\/2021\/03\/Z7-2020-10-11-Rundgang-73-1200x800.jpg 1200w, http:\/\/www.xn--brger-fr-herborn-jzbg.de\/wp-content\/uploads\/2021\/03\/Z7-2020-10-11-Rundgang-73-1980x1320.jpg 1980w\" sizes=\"auto, (max-width: 1024px) 100vw, 1024px\" \/><figcaption class=\"wp-element-caption\">Neubau hinter der VoBa<\/figcaption><\/figure>\n\n\n\n<figure class=\"wp-block-image size-large\"><img loading=\"lazy\" decoding=\"async\" width=\"1024\" height=\"682\" data-id=\"235\" src=\"http:\/\/www.xn--brger-fr-herborn-jzbg.de\/wp-content\/uploads\/2021\/06\/Z7-2021-05-29-Weinberg-4-1024x682.jpg\" alt=\"\" class=\"wp-image-235\" srcset=\"http:\/\/www.xn--brger-fr-herborn-jzbg.de\/wp-content\/uploads\/2021\/06\/Z7-2021-05-29-Weinberg-4-1024x682.jpg 1024w, http:\/\/www.xn--brger-fr-herborn-jzbg.de\/wp-content\/uploads\/2021\/06\/Z7-2021-05-29-Weinberg-4-300x200.jpg 300w, http:\/\/www.xn--brger-fr-herborn-jzbg.de\/wp-content\/uploads\/2021\/06\/Z7-2021-05-29-Weinberg-4-768x511.jpg 768w, http:\/\/www.xn--brger-fr-herborn-jzbg.de\/wp-content\/uploads\/2021\/06\/Z7-2021-05-29-Weinberg-4-1536x1022.jpg 1536w, http:\/\/www.xn--brger-fr-herborn-jzbg.de\/wp-content\/uploads\/2021\/06\/Z7-2021-05-29-Weinberg-4-2048x1363.jpg 2048w, http:\/\/www.xn--brger-fr-herborn-jzbg.de\/wp-content\/uploads\/2021\/06\/Z7-2021-05-29-Weinberg-4-1200x799.jpg 1200w, http:\/\/www.xn--brger-fr-herborn-jzbg.de\/wp-content\/uploads\/2021\/06\/Z7-2021-05-29-Weinberg-4-1980x1318.jpg 1980w\" sizes=\"auto, (max-width: 1024px) 100vw, 1024px\" \/><figcaption class=\"wp-element-caption\">Weinberg<\/figcaption><\/figure>\n\n\n\n<figure class=\"wp-block-image size-large\"><img loading=\"lazy\" decoding=\"async\" width=\"1024\" height=\"682\" data-id=\"234\" src=\"http:\/\/www.xn--brger-fr-herborn-jzbg.de\/wp-content\/uploads\/2021\/06\/Z7-2021-05-29-Hinterthal-8-1024x682.jpg\" alt=\"\" class=\"wp-image-234\" srcset=\"http:\/\/www.xn--brger-fr-herborn-jzbg.de\/wp-content\/uploads\/2021\/06\/Z7-2021-05-29-Hinterthal-8-1024x682.jpg 1024w, http:\/\/www.xn--brger-fr-herborn-jzbg.de\/wp-content\/uploads\/2021\/06\/Z7-2021-05-29-Hinterthal-8-300x200.jpg 300w, http:\/\/www.xn--brger-fr-herborn-jzbg.de\/wp-content\/uploads\/2021\/06\/Z7-2021-05-29-Hinterthal-8-768x511.jpg 768w, http:\/\/www.xn--brger-fr-herborn-jzbg.de\/wp-content\/uploads\/2021\/06\/Z7-2021-05-29-Hinterthal-8-1536x1022.jpg 1536w, http:\/\/www.xn--brger-fr-herborn-jzbg.de\/wp-content\/uploads\/2021\/06\/Z7-2021-05-29-Hinterthal-8-2048x1363.jpg 2048w, http:\/\/www.xn--brger-fr-herborn-jzbg.de\/wp-content\/uploads\/2021\/06\/Z7-2021-05-29-Hinterthal-8-1200x799.jpg 1200w, http:\/\/www.xn--brger-fr-herborn-jzbg.de\/wp-content\/uploads\/2021\/06\/Z7-2021-05-29-Hinterthal-8-1980x1318.jpg 1980w\" sizes=\"auto, (max-width: 1024px) 100vw, 1024px\" \/><figcaption class=\"wp-element-caption\">Hinterthal<\/figcaption><\/figure>\n\n\n\n<figure class=\"wp-block-image size-large\"><img loading=\"lazy\" decoding=\"async\" width=\"1024\" height=\"682\" data-id=\"236\" src=\"http:\/\/www.xn--brger-fr-herborn-jzbg.de\/wp-content\/uploads\/2021\/06\/Z7-2021-05-29-Hinterthal-15-1024x682.jpg\" alt=\"\" class=\"wp-image-236\" srcset=\"http:\/\/www.xn--brger-fr-herborn-jzbg.de\/wp-content\/uploads\/2021\/06\/Z7-2021-05-29-Hinterthal-15-1024x682.jpg 1024w, http:\/\/www.xn--brger-fr-herborn-jzbg.de\/wp-content\/uploads\/2021\/06\/Z7-2021-05-29-Hinterthal-15-300x200.jpg 300w, http:\/\/www.xn--brger-fr-herborn-jzbg.de\/wp-content\/uploads\/2021\/06\/Z7-2021-05-29-Hinterthal-15-768x511.jpg 768w, http:\/\/www.xn--brger-fr-herborn-jzbg.de\/wp-content\/uploads\/2021\/06\/Z7-2021-05-29-Hinterthal-15-1536x1022.jpg 1536w, http:\/\/www.xn--brger-fr-herborn-jzbg.de\/wp-content\/uploads\/2021\/06\/Z7-2021-05-29-Hinterthal-15-2048x1363.jpg 2048w, http:\/\/www.xn--brger-fr-herborn-jzbg.de\/wp-content\/uploads\/2021\/06\/Z7-2021-05-29-Hinterthal-15-1200x799.jpg 1200w, http:\/\/www.xn--brger-fr-herborn-jzbg.de\/wp-content\/uploads\/2021\/06\/Z7-2021-05-29-Hinterthal-15-1980x1318.jpg 1980w\" sizes=\"auto, (max-width: 1024px) 100vw, 1024px\" \/><figcaption class=\"wp-element-caption\">Hinterthal<\/figcaption><\/figure>\n\n\n\n<figure class=\"wp-block-image size-large\"><img loading=\"lazy\" decoding=\"async\" width=\"1024\" height=\"682\" data-id=\"237\" src=\"http:\/\/www.xn--brger-fr-herborn-jzbg.de\/wp-content\/uploads\/2021\/06\/Z7-2021-05-29-Hinterthal-23-1024x682.jpg\" alt=\"\" class=\"wp-image-237\" srcset=\"http:\/\/www.xn--brger-fr-herborn-jzbg.de\/wp-content\/uploads\/2021\/06\/Z7-2021-05-29-Hinterthal-23-1024x682.jpg 1024w, http:\/\/www.xn--brger-fr-herborn-jzbg.de\/wp-content\/uploads\/2021\/06\/Z7-2021-05-29-Hinterthal-23-300x200.jpg 300w, http:\/\/www.xn--brger-fr-herborn-jzbg.de\/wp-content\/uploads\/2021\/06\/Z7-2021-05-29-Hinterthal-23-768x511.jpg 768w, http:\/\/www.xn--brger-fr-herborn-jzbg.de\/wp-content\/uploads\/2021\/06\/Z7-2021-05-29-Hinterthal-23-1536x1022.jpg 1536w, http:\/\/www.xn--brger-fr-herborn-jzbg.de\/wp-content\/uploads\/2021\/06\/Z7-2021-05-29-Hinterthal-23-2048x1363.jpg 2048w, http:\/\/www.xn--brger-fr-herborn-jzbg.de\/wp-content\/uploads\/2021\/06\/Z7-2021-05-29-Hinterthal-23-1200x799.jpg 1200w, http:\/\/www.xn--brger-fr-herborn-jzbg.de\/wp-content\/uploads\/2021\/06\/Z7-2021-05-29-Hinterthal-23-1980x1318.jpg 1980w\" sizes=\"auto, (max-width: 1024px) 100vw, 1024px\" \/><figcaption class=\"wp-element-caption\">Hinterthal<\/figcaption><\/figure>\n<\/figure>\n\n\n<div class=\"is-default-size wp-block-site-logo\"><a href=\"http:\/\/www.xn--brger-fr-herborn-jzbg.de\/\" class=\"custom-logo-link\" rel=\"home\"><img loading=\"lazy\" decoding=\"async\" width=\"512\" height=\"512\" src=\"http:\/\/www.xn--brger-fr-herborn-jzbg.de\/wp-content\/uploads\/2025\/12\/cropped-Logo-WfH.png\" class=\"custom-logo\" alt=\"Wir f&uuml;r Herborn\" srcset=\"http:\/\/www.xn--brger-fr-herborn-jzbg.de\/wp-content\/uploads\/2025\/12\/cropped-Logo-WfH.png 512w, http:\/\/www.xn--brger-fr-herborn-jzbg.de\/wp-content\/uploads\/2025\/12\/cropped-Logo-WfH-300x300.png 300w, http:\/\/www.xn--brger-fr-herborn-jzbg.de\/wp-content\/uploads\/2025\/12\/cropped-Logo-WfH-150x150.png 150w, http:\/\/www.xn--brger-fr-herborn-jzbg.de\/wp-content\/uploads\/2025\/12\/cropped-Logo-WfH-270x270.png 270w, http:\/\/www.xn--brger-fr-herborn-jzbg.de\/wp-content\/uploads\/2025\/12\/cropped-Logo-WfH-192x192.png 192w, http:\/\/www.xn--brger-fr-herborn-jzbg.de\/wp-content\/uploads\/2025\/12\/cropped-Logo-WfH-180x180.png 180w, http:\/\/www.xn--brger-fr-herborn-jzbg.de\/wp-content\/uploads\/2025\/12\/cropped-Logo-WfH-32x32.png 32w\" sizes=\"auto, (max-width: 512px) 100vw, 512px\" \/><\/a><\/div>","protected":false},"excerpt":{"rendered":"<p>WIR setzen uns f\u00fcrunsere Stadt ein! \u201eDAS REDEN \u00dcBER PROBLEME SCHAFFT PROBLEME, DAS REDEN \u00dcBER L\u00d6SUNGEN SCHAFFT L\u00d6SUNGEN!\u201c Steve de Shazer&nbsp; (*&nbsp;25.&nbsp;Juni&nbsp;1940&nbsp;in&nbsp;Milwaukee; \u2020&nbsp;11. September&nbsp;2005&nbsp;in&nbsp;Wien) war ein amerikanischer&nbsp;Psychotherapeut&nbsp;und&nbsp;Autor. https:\/\/de.wikipedia.org\/wiki\/Steve_de_Shazer Wir reden \u00fcber L\u00f6sungen Unsere Ziele Unsere Thesen zur Stadtentwicklung Wir sind B\u00fcrger und B\u00fcrgerinnen, die gerne in Herborn leben und sich f\u00fcr Ihre Stadt engagieren. Aktuell [&hellip;]<\/p>\n","protected":false},"author":1,"featured_media":122,"parent":0,"menu_order":0,"comment_status":"closed","ping_status":"closed","template":"","meta":{"footnotes":""},"class_list":["post-11","page","type-page","status-publish","has-post-thumbnail","hentry"],"_links":{"self":[{"href":"http:\/\/www.xn--brger-fr-herborn-jzbg.de\/index.php?rest_route=\/wp\/v2\/pages\/11","targetHints":{"allow":["GET"]}}],"collection":[{"href":"http:\/\/www.xn--brger-fr-herborn-jzbg.de\/index.php?rest_route=\/wp\/v2\/pages"}],"about":[{"href":"http:\/\/www.xn--brger-fr-herborn-jzbg.de\/index.php?rest_route=\/wp\/v2\/types\/page"}],"author":[{"embeddable":true,"href":"http:\/\/www.xn--brger-fr-herborn-jzbg.de\/index.php?rest_route=\/wp\/v2\/users\/1"}],"replies":[{"embeddable":true,"href":"http:\/\/www.xn--brger-fr-herborn-jzbg.de\/index.php?rest_route=%2Fwp%2Fv2%2Fcomments&post=11"}],"version-history":[{"count":20,"href":"http:\/\/www.xn--brger-fr-herborn-jzbg.de\/index.php?rest_route=\/wp\/v2\/pages\/11\/revisions"}],"predecessor-version":[{"id":596,"href":"http:\/\/www.xn--brger-fr-herborn-jzbg.de\/index.php?rest_route=\/wp\/v2\/pages\/11\/revisions\/596"}],"wp:featuredmedia":[{"embeddable":true,"href":"http:\/\/www.xn--brger-fr-herborn-jzbg.de\/index.php?rest_route=\/wp\/v2\/media\/122"}],"wp:attachment":[{"href":"http:\/\/www.xn--brger-fr-herborn-jzbg.de\/index.php?rest_route=%2Fwp%2Fv2%2Fmedia&parent=11"}],"curies":[{"name":"wp","href":"https:\/\/api.w.org\/{rel}","templated":true}]}}