{"id":12,"date":"2021-03-13T17:43:22","date_gmt":"2021-03-13T17:43:22","guid":{"rendered":"http:\/\/www.xn--brger-fr-herborn-jzbg.de\/?page_id=12"},"modified":"2021-09-09T14:29:46","modified_gmt":"2021-09-09T13:29:46","slug":"ueber-uns","status":"publish","type":"page","link":"http:\/\/www.xn--brger-fr-herborn-jzbg.de\/?page_id=12","title":{"rendered":"\u00dcber uns"},"content":{"rendered":"\n<h6 class=\"wp-block-heading\">\u201eWIR F\u00dcR HERBORN\u201c suchen Mitstreiter, die ein Herz f\u00fcr unsere Stadt Herborn haben, hier gerne leben oder leben wollen.&nbsp;<\/h6>\n\n\n\n<p>Wir sind eine B\u00fcrgerinitiative, die sich zum Ziel gesetzt hat, einen nachhaltigen Diskurs zur Integrierten Stadtentwicklung der Stadt Herborn anzustossen und zu begleiten. Basis f\u00fcr die Ziele und die Vision ist das Jahr 2051, in dem Herborn 800 Jahre Stadtrechte feiern wird.<\/p>\n\n\n\n<p>Die B\u00fcrgerinitiative ist parteipolitisch neutral und unabh\u00e4ngig. <br>Sie ist ausschlie\u00dflich dem Wohl der Stadt Herborn sowie seiner B\u00fcrger und B\u00fcrgerinnen verpflichtet.<\/p>\n\n\n\n<p>Die Initiative wurde im August 2020 von Ronald Lommel und Hans-Dieter Wieden gegr\u00fcndet und hat derzeit 45 B\u00fcrger*innen, die sich beteiligen. <\/p>\n\n\n\n<p>Wir kooperieren mit allen Vereinen und gesellschaftlich relevanten Gruppen. Kooperationen bestehen mit der Ortsgruppe Herborn des BUND, dem Verein der Freunde der Flora Herbornensis, dem Geschichtsverein Herborn e.V. und dem Verkehrsverein Herborn.<\/p>\n\n\n\n<h6 class=\"wp-block-heading\">Wenn WIR B\u00dcRGER F\u00dcR HERBORN Ihr Interesse geweckt haben, melden Sie sich Bitte bei:<br>Ronald Lommel, Sch\u00f6nblick 7, <br>35745 Herborn,\u00a0 02772 5726555<br>Hans-Dieter Wieden, Kallenbachsw\u00e4ldchen 6,\u00a0<br>35745 Herborn, 02772 40674<br>buergerherborn2051@aol.com<\/h6>\n","protected":false},"excerpt":{"rendered":"<p>\u201eWIR F\u00dcR HERBORN\u201c suchen Mitstreiter, die ein Herz f\u00fcr unsere Stadt Herborn haben, hier gerne leben oder leben wollen.&nbsp; Wir sind eine B\u00fcrgerinitiative, die sich zum Ziel gesetzt hat, einen nachhaltigen Diskurs zur Integrierten Stadtentwicklung der Stadt Herborn anzustossen und zu begleiten. Basis f\u00fcr die Ziele und die Vision ist das Jahr 2051, in dem [&hellip;]<\/p>\n","protected":false},"author":1,"featured_media":0,"parent":0,"menu_order":0,"comment_status":"closed","ping_status":"closed","template":"","meta":{"footnotes":""},"class_list":["post-12","page","type-page","status-publish","hentry"],"_links":{"self":[{"href":"http:\/\/www.xn--brger-fr-herborn-jzbg.de\/index.php?rest_route=\/wp\/v2\/pages\/12","targetHints":{"allow":["GET"]}}],"collection":[{"href":"http:\/\/www.xn--brger-fr-herborn-jzbg.de\/index.php?rest_route=\/wp\/v2\/pages"}],"about":[{"href":"http:\/\/www.xn--brger-fr-herborn-jzbg.de\/index.php?rest_route=\/wp\/v2\/types\/page"}],"author":[{"embeddable":true,"href":"http:\/\/www.xn--brger-fr-herborn-jzbg.de\/index.php?rest_route=\/wp\/v2\/users\/1"}],"replies":[{"embeddable":true,"href":"http:\/\/www.xn--brger-fr-herborn-jzbg.de\/index.php?rest_route=%2Fwp%2Fv2%2Fcomments&post=12"}],"version-history":[{"count":8,"href":"http:\/\/www.xn--brger-fr-herborn-jzbg.de\/index.php?rest_route=\/wp\/v2\/pages\/12\/revisions"}],"predecessor-version":[{"id":305,"href":"http:\/\/www.xn--brger-fr-herborn-jzbg.de\/index.php?rest_route=\/wp\/v2\/pages\/12\/revisions\/305"}],"wp:attachment":[{"href":"http:\/\/www.xn--brger-fr-herborn-jzbg.de\/index.php?rest_route=%2Fwp%2Fv2%2Fmedia&parent=12"}],"curies":[{"name":"wp","href":"https:\/\/api.w.org\/{rel}","templated":true}]}}