{"id":194,"date":"2021-04-18T19:14:44","date_gmt":"2021-04-18T18:14:44","guid":{"rendered":"http:\/\/www.xn--brger-fr-herborn-jzbg.de\/?page_id=194"},"modified":"2021-06-12T16:54:21","modified_gmt":"2021-06-12T15:54:21","slug":"weinberg","status":"publish","type":"page","link":"http:\/\/www.xn--brger-fr-herborn-jzbg.de\/?page_id=194","title":{"rendered":"Weinberg"},"content":{"rendered":"\n<p>Am 22. Apel erfolgte im Herborner Tageblatt eine ausf\u00fchrliche Darstellung des Sachverhaltes. Christina Hoge hat den Sachverhalt sorgf\u00e4ltig recherchiert und berichtet. <br>Daf\u00fcr unseren herzlichen Dank! Zum Artikel bitte dem Link folgen:<\/p>\n\n\n\n<p><a href=\"https:\/\/www.mittelhessen.de\/lokales\/dillenburg\/herborn\/was-ist-am-weinberg-in-herborn-los_23560327\">https:\/\/www.mittelhessen.de\/lokales\/dillenburg\/herborn\/was-ist-am-weinberg-in-herborn-los_23560327<\/a><\/p>\n\n\n\n<p>Damit sind die Bef\u00fcrchtungen und die Verunsicherung zun\u00e4chst ausger\u00e4umt. Wir bleiben aber wachsam. <br>Hier zwei Bilder im Vergleich. Das obere Bild wurde am 17. April und das untere am 24. April 2021 aufgenommen.<\/p>\n\n\n\n<p><img loading=\"lazy\" decoding=\"async\" width=\"600\" height=\"399\" class=\"wp-image-201\" style=\"width: 600px;\" src=\"http:\/\/www.xn--brger-fr-herborn-jzbg.de\/wp-content\/uploads\/2021\/04\/Z7-2021-04-17-Am-Weinberg-3-scaled.jpg\" alt=\"\" srcset=\"http:\/\/www.xn--brger-fr-herborn-jzbg.de\/wp-content\/uploads\/2021\/04\/Z7-2021-04-17-Am-Weinberg-3-scaled.jpg 2560w, http:\/\/www.xn--brger-fr-herborn-jzbg.de\/wp-content\/uploads\/2021\/04\/Z7-2021-04-17-Am-Weinberg-3-300x200.jpg 300w, http:\/\/www.xn--brger-fr-herborn-jzbg.de\/wp-content\/uploads\/2021\/04\/Z7-2021-04-17-Am-Weinberg-3-1024x682.jpg 1024w, http:\/\/www.xn--brger-fr-herborn-jzbg.de\/wp-content\/uploads\/2021\/04\/Z7-2021-04-17-Am-Weinberg-3-768x511.jpg 768w, http:\/\/www.xn--brger-fr-herborn-jzbg.de\/wp-content\/uploads\/2021\/04\/Z7-2021-04-17-Am-Weinberg-3-1536x1022.jpg 1536w, http:\/\/www.xn--brger-fr-herborn-jzbg.de\/wp-content\/uploads\/2021\/04\/Z7-2021-04-17-Am-Weinberg-3-2048x1363.jpg 2048w, http:\/\/www.xn--brger-fr-herborn-jzbg.de\/wp-content\/uploads\/2021\/04\/Z7-2021-04-17-Am-Weinberg-3-1200x799.jpg 1200w, http:\/\/www.xn--brger-fr-herborn-jzbg.de\/wp-content\/uploads\/2021\/04\/Z7-2021-04-17-Am-Weinberg-3-1980x1318.jpg 1980w\" sizes=\"auto, (max-width: 600px) 100vw, 600px\" \/><img loading=\"lazy\" decoding=\"async\" width=\"600\" height=\"399\" class=\"wp-image-217\" style=\"width: 600px;\" src=\"http:\/\/www.xn--brger-fr-herborn-jzbg.de\/wp-content\/uploads\/2021\/04\/Z7-2021-04-24-Weinberg-1bearb-scaled.jpg\" alt=\"\" srcset=\"http:\/\/www.xn--brger-fr-herborn-jzbg.de\/wp-content\/uploads\/2021\/04\/Z7-2021-04-24-Weinberg-1bearb-scaled.jpg 2560w, http:\/\/www.xn--brger-fr-herborn-jzbg.de\/wp-content\/uploads\/2021\/04\/Z7-2021-04-24-Weinberg-1bearb-300x200.jpg 300w, http:\/\/www.xn--brger-fr-herborn-jzbg.de\/wp-content\/uploads\/2021\/04\/Z7-2021-04-24-Weinberg-1bearb-1024x682.jpg 1024w, http:\/\/www.xn--brger-fr-herborn-jzbg.de\/wp-content\/uploads\/2021\/04\/Z7-2021-04-24-Weinberg-1bearb-768x511.jpg 768w, http:\/\/www.xn--brger-fr-herborn-jzbg.de\/wp-content\/uploads\/2021\/04\/Z7-2021-04-24-Weinberg-1bearb-1536x1022.jpg 1536w, http:\/\/www.xn--brger-fr-herborn-jzbg.de\/wp-content\/uploads\/2021\/04\/Z7-2021-04-24-Weinberg-1bearb-2048x1363.jpg 2048w, http:\/\/www.xn--brger-fr-herborn-jzbg.de\/wp-content\/uploads\/2021\/04\/Z7-2021-04-24-Weinberg-1bearb-1200x799.jpg 1200w, http:\/\/www.xn--brger-fr-herborn-jzbg.de\/wp-content\/uploads\/2021\/04\/Z7-2021-04-24-Weinberg-1bearb-1980x1318.jpg 1980w\" sizes=\"auto, (max-width: 600px) 100vw, 600px\" \/><\/p>\n\n\n\n<p>Wir sind froh \u00fcber diese Entwicklung, h\u00e4tten uns aber eine transparente Kommunikation im Vorfeld der Baumassnahme und sp\u00e4testens nach den ersten besorgten Anrufen und der Ver\u00f6ffentlichung in den Social media gew\u00fcnscht.<\/p>\n\n\n\n<p><img loading=\"lazy\" decoding=\"async\" width=\"600\" height=\"399\" class=\"wp-image-241\" style=\"width: 600px;\" src=\"http:\/\/www.xn--brger-fr-herborn-jzbg.de\/wp-content\/uploads\/2021\/06\/Z7-2021-05-29-Weinberg-4-1-scaled.jpg\" alt=\"\" srcset=\"http:\/\/www.xn--brger-fr-herborn-jzbg.de\/wp-content\/uploads\/2021\/06\/Z7-2021-05-29-Weinberg-4-1-scaled.jpg 2560w, http:\/\/www.xn--brger-fr-herborn-jzbg.de\/wp-content\/uploads\/2021\/06\/Z7-2021-05-29-Weinberg-4-1-300x200.jpg 300w, http:\/\/www.xn--brger-fr-herborn-jzbg.de\/wp-content\/uploads\/2021\/06\/Z7-2021-05-29-Weinberg-4-1-1024x682.jpg 1024w, http:\/\/www.xn--brger-fr-herborn-jzbg.de\/wp-content\/uploads\/2021\/06\/Z7-2021-05-29-Weinberg-4-1-768x511.jpg 768w, http:\/\/www.xn--brger-fr-herborn-jzbg.de\/wp-content\/uploads\/2021\/06\/Z7-2021-05-29-Weinberg-4-1-1536x1022.jpg 1536w, http:\/\/www.xn--brger-fr-herborn-jzbg.de\/wp-content\/uploads\/2021\/06\/Z7-2021-05-29-Weinberg-4-1-2048x1363.jpg 2048w, http:\/\/www.xn--brger-fr-herborn-jzbg.de\/wp-content\/uploads\/2021\/06\/Z7-2021-05-29-Weinberg-4-1-1200x799.jpg 1200w, http:\/\/www.xn--brger-fr-herborn-jzbg.de\/wp-content\/uploads\/2021\/06\/Z7-2021-05-29-Weinberg-4-1-1980x1318.jpg 1980w\" sizes=\"auto, (max-width: 600px) 100vw, 600px\" \/><img loading=\"lazy\" decoding=\"async\" width=\"600\" height=\"399\" class=\"wp-image-240\" style=\"width: 600px;\" src=\"http:\/\/www.xn--brger-fr-herborn-jzbg.de\/wp-content\/uploads\/2021\/06\/Z7-2021-05-29-Weinberg-3-scaled.jpg\" alt=\"\" srcset=\"http:\/\/www.xn--brger-fr-herborn-jzbg.de\/wp-content\/uploads\/2021\/06\/Z7-2021-05-29-Weinberg-3-scaled.jpg 2560w, http:\/\/www.xn--brger-fr-herborn-jzbg.de\/wp-content\/uploads\/2021\/06\/Z7-2021-05-29-Weinberg-3-300x200.jpg 300w, http:\/\/www.xn--brger-fr-herborn-jzbg.de\/wp-content\/uploads\/2021\/06\/Z7-2021-05-29-Weinberg-3-1024x682.jpg 1024w, http:\/\/www.xn--brger-fr-herborn-jzbg.de\/wp-content\/uploads\/2021\/06\/Z7-2021-05-29-Weinberg-3-768x511.jpg 768w, http:\/\/www.xn--brger-fr-herborn-jzbg.de\/wp-content\/uploads\/2021\/06\/Z7-2021-05-29-Weinberg-3-1536x1022.jpg 1536w, http:\/\/www.xn--brger-fr-herborn-jzbg.de\/wp-content\/uploads\/2021\/06\/Z7-2021-05-29-Weinberg-3-2048x1363.jpg 2048w, http:\/\/www.xn--brger-fr-herborn-jzbg.de\/wp-content\/uploads\/2021\/06\/Z7-2021-05-29-Weinberg-3-1200x799.jpg 1200w, http:\/\/www.xn--brger-fr-herborn-jzbg.de\/wp-content\/uploads\/2021\/06\/Z7-2021-05-29-Weinberg-3-1980x1318.jpg 1980w\" sizes=\"auto, (max-width: 600px) 100vw, 600px\" \/><\/p>\n\n\n\n<p class=\"has-text-align-center\">aufgenommen nach der Fertigstellung am 29. Mai 2021<\/p>\n\n\n\n<p>Wir regen an, am Weinberg eine Informationstafel aufzustellen, um auf die Bedeutung des Weinberg f\u00fcr Klima und Geologie aufmerksam zu machen.<\/p>\n\n\n\n<p><strong>Stand der Diskussion am 17.04.2021<\/strong><\/p>\n\n\n\n<p>Am Weinberg wird gebaut. Die Anwohner sind verunsichert. <br>Sie f\u00fcrchten, dass die Arbeiten am Kanal und der Stra\u00dfe &#8222;Am Weinberg&#8220; der Vorbereitung f\u00fcr eine weitere Wohnbebauung dienen. Die Stadtverordnetenversammlung hat eine \u00c4nderung des Bebauungsplans und damit die beabsichtigte Bebauung einstimmig abgelehnt. <\/p>\n\n\n\n<p>Der Weinberg ist als Bodendenkmal ein eingetragenes Naturdenkmal. Zu Bodendenkmalen f\u00fchrt die Untere Naturschutzbeh\u00f6rde des Lahn-Dill-Kreises folgendes aus:<br><em>Bodendenkm\u00e4ler geh\u00f6ren auch zu dem Begriff der Kulturdenkm\u00e4ler. Hierbei handelt es sich um \u00dcberreste aus Epochen und Kulturen, f\u00fcr die Ausgrabungen und Funde eine wichtige Quelle f\u00fcr wissenschaftliche Erkenntnisse sind. Wer ein Bodendenkmal entdeckt ist gesetzlich verpflichtet sich umgehend bei der Unteren Denkmalschutzbeh\u00f6rde oder der Hessen Arch\u00e4ologie Wiesbaden zu melden. Nachforschungen auf m\u00f6gliche Bodendenkm\u00e4ler ohne Genehmigung sind strafbar.<\/em><br><em>https:\/\/www.lahn-dill-kreis.de\/buergerservice\/bauen-umwelt\/denkmalschutz\/<\/em><\/p>\n\n\n\n<p>An dieser Stelle wollen wir einige Bilder gegen\u00fcberstellen, damit Sie sich selbst ein Bild machen k\u00f6nnen. Zwischen den Bildern liegen gut sechs Monate. Sie wurden am 11. Oktober 2020 und am 17. April 2021 von Hans-Dieter Wieden aufgenommen.<\/p>\n\n\n\n<p><img loading=\"lazy\" decoding=\"async\" width=\"600\" height=\"400\" class=\"wp-image-195\" style=\"width: 600px;\" src=\"http:\/\/www.xn--brger-fr-herborn-jzbg.de\/wp-content\/uploads\/2021\/04\/Z7-2020-10-11-Rundgang-22-scaled.jpg\" alt=\"\" srcset=\"http:\/\/www.xn--brger-fr-herborn-jzbg.de\/wp-content\/uploads\/2021\/04\/Z7-2020-10-11-Rundgang-22-scaled.jpg 2560w, http:\/\/www.xn--brger-fr-herborn-jzbg.de\/wp-content\/uploads\/2021\/04\/Z7-2020-10-11-Rundgang-22-300x200.jpg 300w, http:\/\/www.xn--brger-fr-herborn-jzbg.de\/wp-content\/uploads\/2021\/04\/Z7-2020-10-11-Rundgang-22-1024x683.jpg 1024w, http:\/\/www.xn--brger-fr-herborn-jzbg.de\/wp-content\/uploads\/2021\/04\/Z7-2020-10-11-Rundgang-22-768x512.jpg 768w, http:\/\/www.xn--brger-fr-herborn-jzbg.de\/wp-content\/uploads\/2021\/04\/Z7-2020-10-11-Rundgang-22-1536x1024.jpg 1536w, http:\/\/www.xn--brger-fr-herborn-jzbg.de\/wp-content\/uploads\/2021\/04\/Z7-2020-10-11-Rundgang-22-2048x1365.jpg 2048w, http:\/\/www.xn--brger-fr-herborn-jzbg.de\/wp-content\/uploads\/2021\/04\/Z7-2020-10-11-Rundgang-22-1200x800.jpg 1200w, http:\/\/www.xn--brger-fr-herborn-jzbg.de\/wp-content\/uploads\/2021\/04\/Z7-2020-10-11-Rundgang-22-1980x1320.jpg 1980w\" sizes=\"auto, (max-width: 600px) 100vw, 600px\" \/><img loading=\"lazy\" decoding=\"async\" width=\"600\" height=\"400\" class=\"wp-image-196\" style=\"width: 600px;\" src=\"http:\/\/www.xn--brger-fr-herborn-jzbg.de\/wp-content\/uploads\/2021\/04\/Z7-2020-10-11-Rundgang-23-scaled.jpg\" alt=\"\" srcset=\"http:\/\/www.xn--brger-fr-herborn-jzbg.de\/wp-content\/uploads\/2021\/04\/Z7-2020-10-11-Rundgang-23-scaled.jpg 2560w, http:\/\/www.xn--brger-fr-herborn-jzbg.de\/wp-content\/uploads\/2021\/04\/Z7-2020-10-11-Rundgang-23-300x200.jpg 300w, http:\/\/www.xn--brger-fr-herborn-jzbg.de\/wp-content\/uploads\/2021\/04\/Z7-2020-10-11-Rundgang-23-1024x683.jpg 1024w, http:\/\/www.xn--brger-fr-herborn-jzbg.de\/wp-content\/uploads\/2021\/04\/Z7-2020-10-11-Rundgang-23-768x512.jpg 768w, http:\/\/www.xn--brger-fr-herborn-jzbg.de\/wp-content\/uploads\/2021\/04\/Z7-2020-10-11-Rundgang-23-1536x1024.jpg 1536w, http:\/\/www.xn--brger-fr-herborn-jzbg.de\/wp-content\/uploads\/2021\/04\/Z7-2020-10-11-Rundgang-23-2048x1365.jpg 2048w, http:\/\/www.xn--brger-fr-herborn-jzbg.de\/wp-content\/uploads\/2021\/04\/Z7-2020-10-11-Rundgang-23-1200x800.jpg 1200w, http:\/\/www.xn--brger-fr-herborn-jzbg.de\/wp-content\/uploads\/2021\/04\/Z7-2020-10-11-Rundgang-23-1980x1320.jpg 1980w\" sizes=\"auto, (max-width: 600px) 100vw, 600px\" \/><img loading=\"lazy\" decoding=\"async\" width=\"600\" height=\"400\" class=\"wp-image-197\" style=\"width: 600px;\" src=\"http:\/\/www.xn--brger-fr-herborn-jzbg.de\/wp-content\/uploads\/2021\/04\/Z7-2020-10-11-Rundgang-30-scaled.jpg\" alt=\"\" srcset=\"http:\/\/www.xn--brger-fr-herborn-jzbg.de\/wp-content\/uploads\/2021\/04\/Z7-2020-10-11-Rundgang-30-scaled.jpg 2560w, http:\/\/www.xn--brger-fr-herborn-jzbg.de\/wp-content\/uploads\/2021\/04\/Z7-2020-10-11-Rundgang-30-300x200.jpg 300w, http:\/\/www.xn--brger-fr-herborn-jzbg.de\/wp-content\/uploads\/2021\/04\/Z7-2020-10-11-Rundgang-30-1024x683.jpg 1024w, http:\/\/www.xn--brger-fr-herborn-jzbg.de\/wp-content\/uploads\/2021\/04\/Z7-2020-10-11-Rundgang-30-768x512.jpg 768w, http:\/\/www.xn--brger-fr-herborn-jzbg.de\/wp-content\/uploads\/2021\/04\/Z7-2020-10-11-Rundgang-30-1536x1024.jpg 1536w, http:\/\/www.xn--brger-fr-herborn-jzbg.de\/wp-content\/uploads\/2021\/04\/Z7-2020-10-11-Rundgang-30-2048x1365.jpg 2048w, http:\/\/www.xn--brger-fr-herborn-jzbg.de\/wp-content\/uploads\/2021\/04\/Z7-2020-10-11-Rundgang-30-1200x800.jpg 1200w, http:\/\/www.xn--brger-fr-herborn-jzbg.de\/wp-content\/uploads\/2021\/04\/Z7-2020-10-11-Rundgang-30-1980x1320.jpg 1980w\" sizes=\"auto, (max-width: 600px) 100vw, 600px\" \/><img loading=\"lazy\" decoding=\"async\" width=\"600\" height=\"900\" class=\"wp-image-200\" style=\"width: 600px;\" src=\"http:\/\/www.xn--brger-fr-herborn-jzbg.de\/wp-content\/uploads\/2021\/04\/Z7-2020-10-11-Rundgang-35-scaled.jpg\" alt=\"\" srcset=\"http:\/\/www.xn--brger-fr-herborn-jzbg.de\/wp-content\/uploads\/2021\/04\/Z7-2020-10-11-Rundgang-35-scaled.jpg 1707w, http:\/\/www.xn--brger-fr-herborn-jzbg.de\/wp-content\/uploads\/2021\/04\/Z7-2020-10-11-Rundgang-35-200x300.jpg 200w, http:\/\/www.xn--brger-fr-herborn-jzbg.de\/wp-content\/uploads\/2021\/04\/Z7-2020-10-11-Rundgang-35-683x1024.jpg 683w, http:\/\/www.xn--brger-fr-herborn-jzbg.de\/wp-content\/uploads\/2021\/04\/Z7-2020-10-11-Rundgang-35-768x1152.jpg 768w, http:\/\/www.xn--brger-fr-herborn-jzbg.de\/wp-content\/uploads\/2021\/04\/Z7-2020-10-11-Rundgang-35-1024x1536.jpg 1024w, http:\/\/www.xn--brger-fr-herborn-jzbg.de\/wp-content\/uploads\/2021\/04\/Z7-2020-10-11-Rundgang-35-1365x2048.jpg 1365w, http:\/\/www.xn--brger-fr-herborn-jzbg.de\/wp-content\/uploads\/2021\/04\/Z7-2020-10-11-Rundgang-35-1200x1800.jpg 1200w, http:\/\/www.xn--brger-fr-herborn-jzbg.de\/wp-content\/uploads\/2021\/04\/Z7-2020-10-11-Rundgang-35-1980x2970.jpg 1980w\" sizes=\"auto, (max-width: 600px) 100vw, 600px\" \/><\/p>\n\n\n\n<p><img loading=\"lazy\" decoding=\"async\" width=\"600\" height=\"399\" class=\"wp-image-202\" style=\"width: 600px;\" src=\"http:\/\/www.xn--brger-fr-herborn-jzbg.de\/wp-content\/uploads\/2021\/04\/Z7-2021-04-17-Am-Weinberg-4-scaled.jpg\" alt=\"\" srcset=\"http:\/\/www.xn--brger-fr-herborn-jzbg.de\/wp-content\/uploads\/2021\/04\/Z7-2021-04-17-Am-Weinberg-4-scaled.jpg 2560w, http:\/\/www.xn--brger-fr-herborn-jzbg.de\/wp-content\/uploads\/2021\/04\/Z7-2021-04-17-Am-Weinberg-4-300x200.jpg 300w, http:\/\/www.xn--brger-fr-herborn-jzbg.de\/wp-content\/uploads\/2021\/04\/Z7-2021-04-17-Am-Weinberg-4-1024x682.jpg 1024w, http:\/\/www.xn--brger-fr-herborn-jzbg.de\/wp-content\/uploads\/2021\/04\/Z7-2021-04-17-Am-Weinberg-4-768x511.jpg 768w, http:\/\/www.xn--brger-fr-herborn-jzbg.de\/wp-content\/uploads\/2021\/04\/Z7-2021-04-17-Am-Weinberg-4-1536x1022.jpg 1536w, http:\/\/www.xn--brger-fr-herborn-jzbg.de\/wp-content\/uploads\/2021\/04\/Z7-2021-04-17-Am-Weinberg-4-2048x1363.jpg 2048w, http:\/\/www.xn--brger-fr-herborn-jzbg.de\/wp-content\/uploads\/2021\/04\/Z7-2021-04-17-Am-Weinberg-4-1200x799.jpg 1200w, http:\/\/www.xn--brger-fr-herborn-jzbg.de\/wp-content\/uploads\/2021\/04\/Z7-2021-04-17-Am-Weinberg-4-1980x1318.jpg 1980w\" sizes=\"auto, (max-width: 600px) 100vw, 600px\" \/><img loading=\"lazy\" decoding=\"async\" width=\"600\" height=\"399\" class=\"wp-image-204\" style=\"width: 600px;\" src=\"http:\/\/www.xn--brger-fr-herborn-jzbg.de\/wp-content\/uploads\/2021\/04\/Z7-2021-04-17-Am-Weinberg-6-scaled.jpg\" alt=\"\" srcset=\"http:\/\/www.xn--brger-fr-herborn-jzbg.de\/wp-content\/uploads\/2021\/04\/Z7-2021-04-17-Am-Weinberg-6-scaled.jpg 2560w, http:\/\/www.xn--brger-fr-herborn-jzbg.de\/wp-content\/uploads\/2021\/04\/Z7-2021-04-17-Am-Weinberg-6-300x200.jpg 300w, http:\/\/www.xn--brger-fr-herborn-jzbg.de\/wp-content\/uploads\/2021\/04\/Z7-2021-04-17-Am-Weinberg-6-1024x682.jpg 1024w, http:\/\/www.xn--brger-fr-herborn-jzbg.de\/wp-content\/uploads\/2021\/04\/Z7-2021-04-17-Am-Weinberg-6-768x511.jpg 768w, http:\/\/www.xn--brger-fr-herborn-jzbg.de\/wp-content\/uploads\/2021\/04\/Z7-2021-04-17-Am-Weinberg-6-1536x1022.jpg 1536w, http:\/\/www.xn--brger-fr-herborn-jzbg.de\/wp-content\/uploads\/2021\/04\/Z7-2021-04-17-Am-Weinberg-6-2048x1363.jpg 2048w, http:\/\/www.xn--brger-fr-herborn-jzbg.de\/wp-content\/uploads\/2021\/04\/Z7-2021-04-17-Am-Weinberg-6-1200x799.jpg 1200w, http:\/\/www.xn--brger-fr-herborn-jzbg.de\/wp-content\/uploads\/2021\/04\/Z7-2021-04-17-Am-Weinberg-6-1980x1318.jpg 1980w\" sizes=\"auto, (max-width: 600px) 100vw, 600px\" \/><img loading=\"lazy\" decoding=\"async\" width=\"600\" height=\"400\" class=\"wp-image-209\" style=\"width: 600px;\" src=\"http:\/\/www.xn--brger-fr-herborn-jzbg.de\/wp-content\/uploads\/2021\/04\/Z7-2021-04-17-Am-Weinberg-21-scaled.jpg\" alt=\"\" srcset=\"http:\/\/www.xn--brger-fr-herborn-jzbg.de\/wp-content\/uploads\/2021\/04\/Z7-2021-04-17-Am-Weinberg-21-scaled.jpg 2560w, http:\/\/www.xn--brger-fr-herborn-jzbg.de\/wp-content\/uploads\/2021\/04\/Z7-2021-04-17-Am-Weinberg-21-300x200.jpg 300w, http:\/\/www.xn--brger-fr-herborn-jzbg.de\/wp-content\/uploads\/2021\/04\/Z7-2021-04-17-Am-Weinberg-21-1024x683.jpg 1024w, http:\/\/www.xn--brger-fr-herborn-jzbg.de\/wp-content\/uploads\/2021\/04\/Z7-2021-04-17-Am-Weinberg-21-768x512.jpg 768w, http:\/\/www.xn--brger-fr-herborn-jzbg.de\/wp-content\/uploads\/2021\/04\/Z7-2021-04-17-Am-Weinberg-21-1536x1024.jpg 1536w, http:\/\/www.xn--brger-fr-herborn-jzbg.de\/wp-content\/uploads\/2021\/04\/Z7-2021-04-17-Am-Weinberg-21-2048x1365.jpg 2048w, http:\/\/www.xn--brger-fr-herborn-jzbg.de\/wp-content\/uploads\/2021\/04\/Z7-2021-04-17-Am-Weinberg-21-1200x800.jpg 1200w, http:\/\/www.xn--brger-fr-herborn-jzbg.de\/wp-content\/uploads\/2021\/04\/Z7-2021-04-17-Am-Weinberg-21-1980x1320.jpg 1980w\" sizes=\"auto, (max-width: 600px) 100vw, 600px\" \/><img loading=\"lazy\" decoding=\"async\" width=\"600\" height=\"400\" class=\"wp-image-208\" style=\"width: 600px;\" src=\"http:\/\/www.xn--brger-fr-herborn-jzbg.de\/wp-content\/uploads\/2021\/04\/Z7-2021-04-17-Am-Weinberg-17-scaled.jpg\" alt=\"\" srcset=\"http:\/\/www.xn--brger-fr-herborn-jzbg.de\/wp-content\/uploads\/2021\/04\/Z7-2021-04-17-Am-Weinberg-17-scaled.jpg 2560w, http:\/\/www.xn--brger-fr-herborn-jzbg.de\/wp-content\/uploads\/2021\/04\/Z7-2021-04-17-Am-Weinberg-17-300x200.jpg 300w, http:\/\/www.xn--brger-fr-herborn-jzbg.de\/wp-content\/uploads\/2021\/04\/Z7-2021-04-17-Am-Weinberg-17-1024x683.jpg 1024w, http:\/\/www.xn--brger-fr-herborn-jzbg.de\/wp-content\/uploads\/2021\/04\/Z7-2021-04-17-Am-Weinberg-17-768x512.jpg 768w, http:\/\/www.xn--brger-fr-herborn-jzbg.de\/wp-content\/uploads\/2021\/04\/Z7-2021-04-17-Am-Weinberg-17-1536x1024.jpg 1536w, http:\/\/www.xn--brger-fr-herborn-jzbg.de\/wp-content\/uploads\/2021\/04\/Z7-2021-04-17-Am-Weinberg-17-2048x1365.jpg 2048w, http:\/\/www.xn--brger-fr-herborn-jzbg.de\/wp-content\/uploads\/2021\/04\/Z7-2021-04-17-Am-Weinberg-17-1200x800.jpg 1200w, http:\/\/www.xn--brger-fr-herborn-jzbg.de\/wp-content\/uploads\/2021\/04\/Z7-2021-04-17-Am-Weinberg-17-1980x1320.jpg 1980w\" sizes=\"auto, (max-width: 600px) 100vw, 600px\" \/><\/p>\n\n\n\n<p>Wir halten die Baumassnahme f\u00fcr einen Eingriff in das Boden-denkmal und den Naturschutz am Weinberg. Die Naturschutz- und Denkmalschutzbeh\u00f6rden sind informiert. <\/p>\n\n\n\n<p>Wir erwarten, dass sich die Verantwortlichen vom Abwasserverband als Auftraggeber der Baumassnahme und die Verantwortlichen Stadt \u00e4u\u00dfern und \u00f6ffentlich Stellung nehmen.<\/p>\n\n\n\n<p><\/p>\n","protected":false},"excerpt":{"rendered":"<p>Am 22. Apel erfolgte im Herborner Tageblatt eine ausf\u00fchrliche Darstellung des Sachverhaltes. Christina Hoge hat den Sachverhalt sorgf\u00e4ltig recherchiert und berichtet. Daf\u00fcr unseren herzlichen Dank! Zum Artikel bitte dem Link folgen: https:\/\/www.mittelhessen.de\/lokales\/dillenburg\/herborn\/was-ist-am-weinberg-in-herborn-los_23560327 Damit sind die Bef\u00fcrchtungen und die Verunsicherung zun\u00e4chst ausger\u00e4umt. Wir bleiben aber wachsam. Hier zwei Bilder im Vergleich. Das obere Bild wurde am [&hellip;]<\/p>\n","protected":false},"author":1,"featured_media":0,"parent":0,"menu_order":0,"comment_status":"closed","ping_status":"closed","template":"","meta":{"footnotes":""},"class_list":["post-194","page","type-page","status-publish","hentry"],"_links":{"self":[{"href":"http:\/\/www.xn--brger-fr-herborn-jzbg.de\/index.php?rest_route=\/wp\/v2\/pages\/194","targetHints":{"allow":["GET"]}}],"collection":[{"href":"http:\/\/www.xn--brger-fr-herborn-jzbg.de\/index.php?rest_route=\/wp\/v2\/pages"}],"about":[{"href":"http:\/\/www.xn--brger-fr-herborn-jzbg.de\/index.php?rest_route=\/wp\/v2\/types\/page"}],"author":[{"embeddable":true,"href":"http:\/\/www.xn--brger-fr-herborn-jzbg.de\/index.php?rest_route=\/wp\/v2\/users\/1"}],"replies":[{"embeddable":true,"href":"http:\/\/www.xn--brger-fr-herborn-jzbg.de\/index.php?rest_route=%2Fwp%2Fv2%2Fcomments&post=194"}],"version-history":[{"count":8,"href":"http:\/\/www.xn--brger-fr-herborn-jzbg.de\/index.php?rest_route=\/wp\/v2\/pages\/194\/revisions"}],"predecessor-version":[{"id":243,"href":"http:\/\/www.xn--brger-fr-herborn-jzbg.de\/index.php?rest_route=\/wp\/v2\/pages\/194\/revisions\/243"}],"wp:attachment":[{"href":"http:\/\/www.xn--brger-fr-herborn-jzbg.de\/index.php?rest_route=%2Fwp%2Fv2%2Fmedia&parent=194"}],"curies":[{"name":"wp","href":"https:\/\/api.w.org\/{rel}","templated":true}]}}