{"id":437,"date":"2024-05-03T20:56:05","date_gmt":"2024-05-03T19:56:05","guid":{"rendered":"http:\/\/www.xn--brger-fr-herborn-jzbg.de\/?page_id=437"},"modified":"2024-05-03T20:56:05","modified_gmt":"2024-05-03T19:56:05","slug":"ideen-zur-hohen-schule","status":"publish","type":"page","link":"http:\/\/www.xn--brger-fr-herborn-jzbg.de\/?page_id=437","title":{"rendered":"Ideen zur Hohen Schule"},"content":{"rendered":"\n<blockquote class=\"wp-block-quote is-layout-flow wp-block-quote-is-layout-flow\">\n<p>Geschichtsverein Herborn stellt \u201eNeues Museumskonzept\u201c vor.<\/p>\n<cite>Pressemitteilung des Geschichtsvereins Herborn<\/cite><\/blockquote>\n\n\n\n<p>Im Rahmen der Jahreshauptversammlung hat der Herborner Geschichtsverein seine Ideen zur Zukunft des Museums <br>\u201eHohe Schule\u201c vorgestellt, die der Vorstand in den letzten Wochen entwickelt hat.<\/p>\n\n\n\n<p>Inhaltlich sieht das Konzept die Konzentration auf f\u00fcnf Themen vor.<\/p>\n\n\n\n<figure class=\"wp-block-image size-large\"><img loading=\"lazy\" decoding=\"async\" width=\"1024\" height=\"690\" src=\"http:\/\/www.xn--brger-fr-herborn-jzbg.de\/wp-content\/uploads\/2024\/05\/20240326214513-1024x690.png\" alt=\"\" class=\"wp-image-438\" srcset=\"http:\/\/www.xn--brger-fr-herborn-jzbg.de\/wp-content\/uploads\/2024\/05\/20240326214513-1024x690.png 1024w, http:\/\/www.xn--brger-fr-herborn-jzbg.de\/wp-content\/uploads\/2024\/05\/20240326214513-300x202.png 300w, http:\/\/www.xn--brger-fr-herborn-jzbg.de\/wp-content\/uploads\/2024\/05\/20240326214513-768x518.png 768w, http:\/\/www.xn--brger-fr-herborn-jzbg.de\/wp-content\/uploads\/2024\/05\/20240326214513-1536x1036.png 1536w, http:\/\/www.xn--brger-fr-herborn-jzbg.de\/wp-content\/uploads\/2024\/05\/20240326214513-2048x1381.png 2048w, http:\/\/www.xn--brger-fr-herborn-jzbg.de\/wp-content\/uploads\/2024\/05\/20240326214513-1200x809.png 1200w, http:\/\/www.xn--brger-fr-herborn-jzbg.de\/wp-content\/uploads\/2024\/05\/20240326214513-1980x1335.png 1980w\" sizes=\"auto, (max-width: 1024px) 100vw, 1024px\" \/><\/figure>\n\n\n\n<p>Alle Exponate der Ausstellung sollen einen klaren Bezug zu Herborn haben.<\/p>\n\n\n\n<p>Mit Originalen wolle man die Bedeutung Herborns und der Hohen Schule f\u00fcr die geschichtliche und kirchliche Entwicklung Europas unterstreichen und Zusammenh\u00e4nge aufzeigen.<\/p>\n\n\n\n<p>\u201eDieses Konzept k\u00f6nnen wir in den bisherigen R\u00e4umen umsetzen, dennoch haben wir eine Alternative entwickelt, die den gesamten Geb\u00e4udekomplex der Hohen Schule einschlie\u00dft\u201c, erl\u00e4utert der Vorsitzende Klaus Schreiner und betonte \u201edies ist nur als Vorschlag und als Beitrag f\u00fcr den Diskurs \u00fcber die k\u00fcnftige Nutzung der historischen Bausubstanz zu verstehen.\u201c <\/p>\n\n\n\n<p>Der Geb\u00e4udekomplex der Hohen Schule besteht aus der Aula, dem Turm (Zugang zum Museum), dem Mensageb\u00e4ude (bisher als Restaurant genutzt) und dem Professorenhaus (bisher als Hotel genutzt). Der Geb\u00e4udekomplex mit Hof und Brunnen ist durch ein Eingangstor erschlossen und in sich geschlossen.<\/p>\n\n\n\n<figure class=\"wp-block-image size-large\"><img loading=\"lazy\" decoding=\"async\" width=\"1024\" height=\"683\" src=\"http:\/\/www.xn--brger-fr-herborn-jzbg.de\/wp-content\/uploads\/2024\/05\/Zfc-2024-03-15-Hohe-Schule-51-1024x683.jpg\" alt=\"\" class=\"wp-image-439\" srcset=\"http:\/\/www.xn--brger-fr-herborn-jzbg.de\/wp-content\/uploads\/2024\/05\/Zfc-2024-03-15-Hohe-Schule-51-1024x683.jpg 1024w, http:\/\/www.xn--brger-fr-herborn-jzbg.de\/wp-content\/uploads\/2024\/05\/Zfc-2024-03-15-Hohe-Schule-51-300x200.jpg 300w, http:\/\/www.xn--brger-fr-herborn-jzbg.de\/wp-content\/uploads\/2024\/05\/Zfc-2024-03-15-Hohe-Schule-51-768x512.jpg 768w, http:\/\/www.xn--brger-fr-herborn-jzbg.de\/wp-content\/uploads\/2024\/05\/Zfc-2024-03-15-Hohe-Schule-51-1536x1024.jpg 1536w, http:\/\/www.xn--brger-fr-herborn-jzbg.de\/wp-content\/uploads\/2024\/05\/Zfc-2024-03-15-Hohe-Schule-51-2048x1365.jpg 2048w, http:\/\/www.xn--brger-fr-herborn-jzbg.de\/wp-content\/uploads\/2024\/05\/Zfc-2024-03-15-Hohe-Schule-51-1200x800.jpg 1200w, http:\/\/www.xn--brger-fr-herborn-jzbg.de\/wp-content\/uploads\/2024\/05\/Zfc-2024-03-15-Hohe-Schule-51-1980x1320.jpg 1980w\" sizes=\"auto, (max-width: 1024px) 100vw, 1024px\" \/><\/figure>\n\n\n\n<p>Nach den Ideen des Vorstands k\u00f6nnte das Mensageb\u00e4ude k\u00fcnftig wieder durch das Museum genutzt werden, wie vor dem letzten Umbau (1968-1971).<\/p>\n\n\n\n<figure class=\"wp-block-image size-large\"><img loading=\"lazy\" decoding=\"async\" width=\"1024\" height=\"683\" src=\"http:\/\/www.xn--brger-fr-herborn-jzbg.de\/wp-content\/uploads\/2024\/05\/Zfc-2024-03-15-Hohe-Schule-12-1024x683.jpg\" alt=\"\" class=\"wp-image-440\" srcset=\"http:\/\/www.xn--brger-fr-herborn-jzbg.de\/wp-content\/uploads\/2024\/05\/Zfc-2024-03-15-Hohe-Schule-12-1024x683.jpg 1024w, http:\/\/www.xn--brger-fr-herborn-jzbg.de\/wp-content\/uploads\/2024\/05\/Zfc-2024-03-15-Hohe-Schule-12-300x200.jpg 300w, http:\/\/www.xn--brger-fr-herborn-jzbg.de\/wp-content\/uploads\/2024\/05\/Zfc-2024-03-15-Hohe-Schule-12-768x512.jpg 768w, http:\/\/www.xn--brger-fr-herborn-jzbg.de\/wp-content\/uploads\/2024\/05\/Zfc-2024-03-15-Hohe-Schule-12-1536x1024.jpg 1536w, http:\/\/www.xn--brger-fr-herborn-jzbg.de\/wp-content\/uploads\/2024\/05\/Zfc-2024-03-15-Hohe-Schule-12-2048x1365.jpg 2048w, http:\/\/www.xn--brger-fr-herborn-jzbg.de\/wp-content\/uploads\/2024\/05\/Zfc-2024-03-15-Hohe-Schule-12-1200x800.jpg 1200w, http:\/\/www.xn--brger-fr-herborn-jzbg.de\/wp-content\/uploads\/2024\/05\/Zfc-2024-03-15-Hohe-Schule-12-1980x1320.jpg 1980w\" sizes=\"auto, (max-width: 1024px) 100vw, 1024px\" \/><\/figure>\n\n\n\n<p>Dieses k\u00f6nnte f\u00fcr den neuen Eingang, einen kleinen Museumsshop und f\u00fcr wechselnde Ausstellungen genutzt werden. Vorteil w\u00e4re ein barrierearmer Zugang zum Museum.<\/p>\n\n\n\n<figure class=\"wp-block-image size-large\"><img loading=\"lazy\" decoding=\"async\" width=\"1024\" height=\"683\" src=\"http:\/\/www.xn--brger-fr-herborn-jzbg.de\/wp-content\/uploads\/2024\/05\/Zfc-2024-03-15-Hohe-Schule-13-1024x683.jpg\" alt=\"\" class=\"wp-image-441\" srcset=\"http:\/\/www.xn--brger-fr-herborn-jzbg.de\/wp-content\/uploads\/2024\/05\/Zfc-2024-03-15-Hohe-Schule-13-1024x683.jpg 1024w, http:\/\/www.xn--brger-fr-herborn-jzbg.de\/wp-content\/uploads\/2024\/05\/Zfc-2024-03-15-Hohe-Schule-13-300x200.jpg 300w, http:\/\/www.xn--brger-fr-herborn-jzbg.de\/wp-content\/uploads\/2024\/05\/Zfc-2024-03-15-Hohe-Schule-13-768x512.jpg 768w, http:\/\/www.xn--brger-fr-herborn-jzbg.de\/wp-content\/uploads\/2024\/05\/Zfc-2024-03-15-Hohe-Schule-13-1536x1024.jpg 1536w, http:\/\/www.xn--brger-fr-herborn-jzbg.de\/wp-content\/uploads\/2024\/05\/Zfc-2024-03-15-Hohe-Schule-13-2048x1365.jpg 2048w, http:\/\/www.xn--brger-fr-herborn-jzbg.de\/wp-content\/uploads\/2024\/05\/Zfc-2024-03-15-Hohe-Schule-13-1200x800.jpg 1200w, http:\/\/www.xn--brger-fr-herborn-jzbg.de\/wp-content\/uploads\/2024\/05\/Zfc-2024-03-15-Hohe-Schule-13-1980x1320.jpg 1980w\" sizes=\"auto, (max-width: 1024px) 100vw, 1024px\" \/><\/figure>\n\n\n\n<p>Perspektivisch k\u00f6nnte die Erschlie\u00dfung der R\u00e4ume in den oberen Stockwerken durch einen Aufzug an der R\u00fcckseite des Mensageb\u00e4udes erfolgen. \u201eDas Professorenhaus kann k\u00fcnftig dem Stadtmarketing und einen Museumscafe dienen\u201c, erl\u00e4uterte Hans-Dieter Wieden.<\/p>\n\n\n\n<figure class=\"wp-block-image size-large\"><img loading=\"lazy\" decoding=\"async\" width=\"1024\" height=\"683\" src=\"http:\/\/www.xn--brger-fr-herborn-jzbg.de\/wp-content\/uploads\/2024\/05\/Zfc-2024-03-15-Hohe-Schule-38-1024x683.jpg\" alt=\"\" class=\"wp-image-442\" srcset=\"http:\/\/www.xn--brger-fr-herborn-jzbg.de\/wp-content\/uploads\/2024\/05\/Zfc-2024-03-15-Hohe-Schule-38-1024x683.jpg 1024w, http:\/\/www.xn--brger-fr-herborn-jzbg.de\/wp-content\/uploads\/2024\/05\/Zfc-2024-03-15-Hohe-Schule-38-300x200.jpg 300w, http:\/\/www.xn--brger-fr-herborn-jzbg.de\/wp-content\/uploads\/2024\/05\/Zfc-2024-03-15-Hohe-Schule-38-768x512.jpg 768w, http:\/\/www.xn--brger-fr-herborn-jzbg.de\/wp-content\/uploads\/2024\/05\/Zfc-2024-03-15-Hohe-Schule-38-1536x1024.jpg 1536w, http:\/\/www.xn--brger-fr-herborn-jzbg.de\/wp-content\/uploads\/2024\/05\/Zfc-2024-03-15-Hohe-Schule-38-2048x1365.jpg 2048w, http:\/\/www.xn--brger-fr-herborn-jzbg.de\/wp-content\/uploads\/2024\/05\/Zfc-2024-03-15-Hohe-Schule-38-1200x800.jpg 1200w, http:\/\/www.xn--brger-fr-herborn-jzbg.de\/wp-content\/uploads\/2024\/05\/Zfc-2024-03-15-Hohe-Schule-38-1980x1320.jpg 1980w\" sizes=\"auto, (max-width: 1024px) 100vw, 1024px\" \/><\/figure>\n\n\n\n<p>\u201eDies h\u00e4tte den Vorteil, dass die Stadtpolizei in die R\u00e4ume der Stadtmarketing GmbH einziehen k\u00f6nnte und die Bahnhofsgastst\u00e4tte als Gastst\u00e4tte oder Vereinstre] genutzt werden kann.\u201c<\/p>\n\n\n\n<p>\u201eWir freuen uns auf den Diskurs \u00fcber unsere Ideen und sind gerne bereit, diese allen Interessierten m\u00f6glichst vor Ort zu erl\u00e4utern\u201c, betonte Klaus Schreiner abschlie\u00dfend.<\/p>\n","protected":false},"excerpt":{"rendered":"<p>Geschichtsverein Herborn stellt \u201eNeues Museumskonzept\u201c vor. Pressemitteilung des Geschichtsvereins Herborn Im Rahmen der Jahreshauptversammlung hat der Herborner Geschichtsverein seine Ideen zur Zukunft des Museums \u201eHohe Schule\u201c vorgestellt, die der Vorstand in den letzten Wochen entwickelt hat. Inhaltlich sieht das Konzept die Konzentration auf f\u00fcnf Themen vor. Alle Exponate der Ausstellung sollen einen klaren Bezug zu [&hellip;]<\/p>\n","protected":false},"author":1,"featured_media":0,"parent":0,"menu_order":0,"comment_status":"closed","ping_status":"closed","template":"","meta":{"footnotes":""},"class_list":["post-437","page","type-page","status-publish","hentry"],"_links":{"self":[{"href":"http:\/\/www.xn--brger-fr-herborn-jzbg.de\/index.php?rest_route=\/wp\/v2\/pages\/437","targetHints":{"allow":["GET"]}}],"collection":[{"href":"http:\/\/www.xn--brger-fr-herborn-jzbg.de\/index.php?rest_route=\/wp\/v2\/pages"}],"about":[{"href":"http:\/\/www.xn--brger-fr-herborn-jzbg.de\/index.php?rest_route=\/wp\/v2\/types\/page"}],"author":[{"embeddable":true,"href":"http:\/\/www.xn--brger-fr-herborn-jzbg.de\/index.php?rest_route=\/wp\/v2\/users\/1"}],"replies":[{"embeddable":true,"href":"http:\/\/www.xn--brger-fr-herborn-jzbg.de\/index.php?rest_route=%2Fwp%2Fv2%2Fcomments&post=437"}],"version-history":[{"count":1,"href":"http:\/\/www.xn--brger-fr-herborn-jzbg.de\/index.php?rest_route=\/wp\/v2\/pages\/437\/revisions"}],"predecessor-version":[{"id":443,"href":"http:\/\/www.xn--brger-fr-herborn-jzbg.de\/index.php?rest_route=\/wp\/v2\/pages\/437\/revisions\/443"}],"wp:attachment":[{"href":"http:\/\/www.xn--brger-fr-herborn-jzbg.de\/index.php?rest_route=%2Fwp%2Fv2%2Fmedia&parent=437"}],"curies":[{"name":"wp","href":"https:\/\/api.w.org\/{rel}","templated":true}]}}