{"id":618,"date":"2026-01-28T13:44:58","date_gmt":"2026-01-28T12:44:58","guid":{"rendered":"http:\/\/www.xn--brger-fr-herborn-jzbg.de\/?page_id=618"},"modified":"2026-03-16T13:46:47","modified_gmt":"2026-03-16T12:46:47","slug":"vereinsbuendnis","status":"publish","type":"page","link":"http:\/\/www.xn--brger-fr-herborn-jzbg.de\/?page_id=618","title":{"rendered":"Bericht zur Veranstaltung in Burg"},"content":{"rendered":"\n<h2 class=\"wp-block-heading has-text-align-center\">&#8222;Leben an und mit der Dill&#8220;<\/h2>\n\n\n\n<p>Bericht \u00fcber die Veranstaltung &#8222;Leben an und mit der Dill&#8220; am 23. Januar 2026 im Burger B\u00fcrgerhaus.<\/p>\n\n\n\n<p>Das B\u00fcrgerhaus in Burg war voll besetzt. Die gro\u00dfe Resonanz und das positive Echo der Teilnehmenden war beeindruckend. <br>Das Thema interessiert offensichtlich.<\/p>\n\n\n\n<p>Vielen Dank an Martin Hecht f\u00fcr die gute Moderation, die sehr zum Gelingen beigetragen hat.<\/p>\n\n\n\n<p>Der besondere Dank gilt Paul Passauer und Florian Schimgen f\u00fcr den sehr \u00fcberzeugendenVortrag der Ideen, wie wir die Dill umgestalten k\u00f6nnen. Unser Ziel, den &#8222;Stein ins Wasser zu werfen&#8220; ist gelungen. Fortsetzung folgt, wie angek\u00fcndigt.<\/p>\n\n\n\n<p>B\u00fcrgermeister Lukas Winkler konnte mitteilen, dass in wenigen Tagen die Genehmigung zur Nutzung des Dillufers an der Obertorbr\u00fccke vorliegen wird. Manfred Rompf verwies auf das Klimaanpassungskonzept der Stadt Herborn, das im Ausschuss f\u00fcr Klima-, Umweltschutz, Energie und Verkehr am Dienstag, den 03.02.2026 um 18:15 Uhr beraten wird.<\/p>\n\n\n\n<figure class=\"wp-block-image size-full\"><img loading=\"lazy\" decoding=\"async\" width=\"720\" height=\"405\" src=\"http:\/\/www.xn--brger-fr-herborn-jzbg.de\/wp-content\/uploads\/2026\/01\/Folie1-1.jpeg\" alt=\"\" class=\"wp-image-626\" srcset=\"http:\/\/www.xn--brger-fr-herborn-jzbg.de\/wp-content\/uploads\/2026\/01\/Folie1-1.jpeg 720w, http:\/\/www.xn--brger-fr-herborn-jzbg.de\/wp-content\/uploads\/2026\/01\/Folie1-1-300x169.jpeg 300w\" sizes=\"auto, (max-width: 720px) 100vw, 720px\" \/><\/figure>\n\n\n\n<p>Das n\u00e4chste Treffen des Vereinsb\u00fcndnisses wird am 20. Februar 2026 im Haus der Vereine stattfinden. Hier sollen die Ideen vertieft werden und erste Schritte zur Umsetzung diskutiert werden.<\/p>\n\n\n\n<p>Wer an dem wichtigen Teil der Entwicklung unserer Stadt mitarbeiten m\u00f6chte, ist herzlich eingeladen. <br>Bitte melden Sie sich per Mail an Vereinsbuendnis-Herborn@web.de<\/p>\n\n\n\n<h4 class=\"wp-block-heading\">Weitere geplante Veranstaltungen<\/h4>\n\n\n\n<figure class=\"wp-block-gallery has-nested-images columns-default is-cropped wp-block-gallery-1 is-layout-flex wp-block-gallery-is-layout-flex\">\n<figure class=\"wp-block-image size-large\"><img loading=\"lazy\" decoding=\"async\" width=\"720\" height=\"405\" data-id=\"622\" src=\"http:\/\/www.xn--brger-fr-herborn-jzbg.de\/wp-content\/uploads\/2026\/01\/Folie2.jpeg\" alt=\"\" class=\"wp-image-622\" srcset=\"http:\/\/www.xn--brger-fr-herborn-jzbg.de\/wp-content\/uploads\/2026\/01\/Folie2.jpeg 720w, http:\/\/www.xn--brger-fr-herborn-jzbg.de\/wp-content\/uploads\/2026\/01\/Folie2-300x169.jpeg 300w\" sizes=\"auto, (max-width: 720px) 100vw, 720px\" \/><\/figure>\n\n\n\n<figure class=\"wp-block-image size-large\"><img loading=\"lazy\" decoding=\"async\" width=\"720\" height=\"405\" data-id=\"625\" src=\"http:\/\/www.xn--brger-fr-herborn-jzbg.de\/wp-content\/uploads\/2026\/01\/Folie3.jpeg\" alt=\"\" class=\"wp-image-625\" srcset=\"http:\/\/www.xn--brger-fr-herborn-jzbg.de\/wp-content\/uploads\/2026\/01\/Folie3.jpeg 720w, http:\/\/www.xn--brger-fr-herborn-jzbg.de\/wp-content\/uploads\/2026\/01\/Folie3-300x169.jpeg 300w\" sizes=\"auto, (max-width: 720px) 100vw, 720px\" \/><\/figure>\n\n\n\n<figure class=\"wp-block-image size-large\"><img loading=\"lazy\" decoding=\"async\" width=\"720\" height=\"405\" data-id=\"621\" src=\"http:\/\/www.xn--brger-fr-herborn-jzbg.de\/wp-content\/uploads\/2026\/01\/Folie4.jpeg\" alt=\"\" class=\"wp-image-621\" srcset=\"http:\/\/www.xn--brger-fr-herborn-jzbg.de\/wp-content\/uploads\/2026\/01\/Folie4.jpeg 720w, http:\/\/www.xn--brger-fr-herborn-jzbg.de\/wp-content\/uploads\/2026\/01\/Folie4-300x169.jpeg 300w\" sizes=\"auto, (max-width: 720px) 100vw, 720px\" \/><\/figure>\n\n\n\n<figure class=\"wp-block-image size-large\"><img loading=\"lazy\" decoding=\"async\" width=\"720\" height=\"405\" data-id=\"620\" src=\"http:\/\/www.xn--brger-fr-herborn-jzbg.de\/wp-content\/uploads\/2026\/01\/Folie5.jpeg\" alt=\"\" class=\"wp-image-620\" srcset=\"http:\/\/www.xn--brger-fr-herborn-jzbg.de\/wp-content\/uploads\/2026\/01\/Folie5.jpeg 720w, http:\/\/www.xn--brger-fr-herborn-jzbg.de\/wp-content\/uploads\/2026\/01\/Folie5-300x169.jpeg 300w\" sizes=\"auto, (max-width: 720px) 100vw, 720px\" \/><\/figure>\n\n\n\n<figure class=\"wp-block-image size-large\"><img loading=\"lazy\" decoding=\"async\" width=\"720\" height=\"405\" data-id=\"624\" src=\"http:\/\/www.xn--brger-fr-herborn-jzbg.de\/wp-content\/uploads\/2026\/01\/Folie6.jpeg\" alt=\"\" class=\"wp-image-624\" srcset=\"http:\/\/www.xn--brger-fr-herborn-jzbg.de\/wp-content\/uploads\/2026\/01\/Folie6.jpeg 720w, http:\/\/www.xn--brger-fr-herborn-jzbg.de\/wp-content\/uploads\/2026\/01\/Folie6-300x169.jpeg 300w\" sizes=\"auto, (max-width: 720px) 100vw, 720px\" \/><\/figure>\n\n\n\n<figure class=\"wp-block-image size-large\"><img loading=\"lazy\" decoding=\"async\" width=\"720\" height=\"405\" data-id=\"623\" src=\"http:\/\/www.xn--brger-fr-herborn-jzbg.de\/wp-content\/uploads\/2026\/01\/Folie7.jpeg\" alt=\"\" class=\"wp-image-623\" srcset=\"http:\/\/www.xn--brger-fr-herborn-jzbg.de\/wp-content\/uploads\/2026\/01\/Folie7.jpeg 720w, http:\/\/www.xn--brger-fr-herborn-jzbg.de\/wp-content\/uploads\/2026\/01\/Folie7-300x169.jpeg 300w\" sizes=\"auto, (max-width: 720px) 100vw, 720px\" \/><\/figure>\n<\/figure>\n\n\n\n<p>Wir freuen uns auf die Fortsetzung der Diskussion und die vielen geplanten Veranstaltungen.<\/p>\n\n\n\n<h4 class=\"wp-block-heading\">Herborner Tageblatt am 19 Januar 2026<br><a href=\"https:\/\/www.mittelhessen.de\/lokales\/lahn-dill-kreis\/herborn\/herborns-zukunft-so-schoen-koennte-es-an-der-dill-werden-5296908?utm_source=newsletter&amp;utm_medium=email&amp;utm_campaign=automatisierte_newsletter&amp;utm_content=morgen&amp;utm_term=topmeldungen\">Ank\u00fcndigung der Veranstaltung<\/a><\/h4>\n\n\n\n<h5 class=\"wp-block-heading has-text-align-center\">\u201eImpulse zur Stadt- und Flussentwicklung\u201c <br>Die Veranstaltung findet am Freitag, dem 23.01.2026 <br>um 19.00 Uhr im B\u00fcrgerhaus in Burg statt. <br>Einlass ist ab 18.30 Uhr.<\/h5>\n\n\n\n<h5 class=\"wp-block-heading has-text-align-center\">Wir freuen uns auf Ihren Besuch!<\/h5>\n\n\n\n<h5 class=\"wp-block-heading\"><strong><em>BUND Herborn, Dillkreisj\u00e4ger, Freunde der Flora Herbornensis, Geschichtsverein Herborn, Vogelschutzgruppe Merkenbach, WIR f\u00fcr Herborn<\/em><\/strong><\/h5>\n\n\n\n<figure class=\"wp-block-image size-large\"><img loading=\"lazy\" decoding=\"async\" width=\"724\" height=\"1024\" src=\"http:\/\/www.xn--brger-fr-herborn-jzbg.de\/wp-content\/uploads\/2026\/01\/Flyer-724x1024.jpg\" alt=\"\" class=\"wp-image-598\" srcset=\"http:\/\/www.xn--brger-fr-herborn-jzbg.de\/wp-content\/uploads\/2026\/01\/Flyer-724x1024.jpg 724w, http:\/\/www.xn--brger-fr-herborn-jzbg.de\/wp-content\/uploads\/2026\/01\/Flyer-212x300.jpg 212w, http:\/\/www.xn--brger-fr-herborn-jzbg.de\/wp-content\/uploads\/2026\/01\/Flyer-768x1086.jpg 768w, http:\/\/www.xn--brger-fr-herborn-jzbg.de\/wp-content\/uploads\/2026\/01\/Flyer-1087x1536.jpg 1087w, http:\/\/www.xn--brger-fr-herborn-jzbg.de\/wp-content\/uploads\/2026\/01\/Flyer-1449x2048.jpg 1449w, http:\/\/www.xn--brger-fr-herborn-jzbg.de\/wp-content\/uploads\/2026\/01\/Flyer-1200x1696.jpg 1200w, http:\/\/www.xn--brger-fr-herborn-jzbg.de\/wp-content\/uploads\/2026\/01\/Flyer-1980x2799.jpg 1980w, http:\/\/www.xn--brger-fr-herborn-jzbg.de\/wp-content\/uploads\/2026\/01\/Flyer-scaled.jpg 1811w\" sizes=\"auto, (max-width: 724px) 100vw, 724px\" \/><\/figure>\n","protected":false},"excerpt":{"rendered":"<p>&#8222;Leben an und mit der Dill&#8220; Bericht \u00fcber die Veranstaltung &#8222;Leben an und mit der Dill&#8220; am 23. Januar 2026 im Burger B\u00fcrgerhaus. Das B\u00fcrgerhaus in Burg war voll besetzt. Die gro\u00dfe Resonanz und das positive Echo der Teilnehmenden war beeindruckend. Das Thema interessiert offensichtlich. Vielen Dank an Martin Hecht f\u00fcr die gute Moderation, die [&hellip;]<\/p>\n","protected":false},"author":1,"featured_media":0,"parent":0,"menu_order":0,"comment_status":"closed","ping_status":"closed","template":"","meta":{"footnotes":""},"class_list":["post-618","page","type-page","status-publish","hentry"],"_links":{"self":[{"href":"http:\/\/www.xn--brger-fr-herborn-jzbg.de\/index.php?rest_route=\/wp\/v2\/pages\/618","targetHints":{"allow":["GET"]}}],"collection":[{"href":"http:\/\/www.xn--brger-fr-herborn-jzbg.de\/index.php?rest_route=\/wp\/v2\/pages"}],"about":[{"href":"http:\/\/www.xn--brger-fr-herborn-jzbg.de\/index.php?rest_route=\/wp\/v2\/types\/page"}],"author":[{"embeddable":true,"href":"http:\/\/www.xn--brger-fr-herborn-jzbg.de\/index.php?rest_route=\/wp\/v2\/users\/1"}],"replies":[{"embeddable":true,"href":"http:\/\/www.xn--brger-fr-herborn-jzbg.de\/index.php?rest_route=%2Fwp%2Fv2%2Fcomments&post=618"}],"version-history":[{"count":5,"href":"http:\/\/www.xn--brger-fr-herborn-jzbg.de\/index.php?rest_route=\/wp\/v2\/pages\/618\/revisions"}],"predecessor-version":[{"id":653,"href":"http:\/\/www.xn--brger-fr-herborn-jzbg.de\/index.php?rest_route=\/wp\/v2\/pages\/618\/revisions\/653"}],"wp:attachment":[{"href":"http:\/\/www.xn--brger-fr-herborn-jzbg.de\/index.php?rest_route=%2Fwp%2Fv2%2Fmedia&parent=618"}],"curies":[{"name":"wp","href":"https:\/\/api.w.org\/{rel}","templated":true}]}}